{"id":1154,"date":"2020-03-31T09:48:05","date_gmt":"2020-03-31T09:48:05","guid":{"rendered":"https:\/\/pelicula.qodeinteractive.com\/?page_id=1154"},"modified":"2024-11-01T07:59:45","modified_gmt":"2024-11-01T06:59:45","slug":"credits","status":"publish","type":"page","link":"https:\/\/guillermocides.com\/releases\/credits\/","title":{"rendered":"Credits"},"content":{"rendered":"\t\t<div data-elementor-type=\"wp-page\" data-elementor-id=\"1154\" class=\"elementor elementor-1154\">\n\t\t\t\t<div class=\"elementor-element elementor-element-ba25949 e-flex e-con-boxed e-con e-parent\" data-id=\"ba25949\" data-element_type=\"container\">\n\t\t\t\t\t<div class=\"e-con-inner\">\n\t\t\t\t<div class=\"elementor-element elementor-element-3ccf2a5 elementor-widget elementor-widget-text-editor\" data-id=\"3ccf2a5\" data-element_type=\"widget\" data-widget_type=\"text-editor.default\">\n\t\t\t\t<div class=\"elementor-widget-container\">\n\t\t\t\t\t\t\t<p>TRACK LIST<\/p><p>\u266c 0:00 <span style=\"color: #000000; background-color: yellow;\">\u201cEL MUNDO INTERIOR DE LOS PLANETAS\u201d<\/span><br \/>Composed by Guillermo Cides. Performed by Cides (Chapman Stick, ambient), Men\u00e9ndez (Chapman Stick), Alonso (drum), G\u00f3ngora (percussion), Rivas (crash cymbals).<br \/>Share this song (copy &amp; paste into social media) &#8211; Compartir \u00e9sta canci\u00f3n (copia &amp; pega en redes): https:\/\/bit.ly\/CidesMundo<\/p><p>\u266c 5:33 <span style=\"color: #000000; background-color: yellow;\">\u201cLIBERTANGO\u201d<\/span><br \/>Composed by Astor Piazzolla. Arranged by Guillermo Cides. Performed by Cides (Chapman Stick, ambient), Men\u00e9ndez (Chapman Stick), Alonso (drum), G\u00f3ngora (percussion), Dirseus (Chapman Stick), Rivas (scratcher).<br \/>Share this song (copy &amp; paste into social media) &#8211; Compartir \u00e9sta canci\u00f3n (copia &amp; pega en redes): https:\/\/bit.ly\/CidesLibertango<\/p><p>\u266c 9:08 <span style=\"color: #000000; background-color: yellow;\">\u201cTODOS ESOS D\u00cdAS\u201d<\/span><br \/>Composed by Guillermo Cides. Performed by Cides (Chapman Stick, ambient &amp; loop).<br \/>Share this song (copy &amp; paste into social media) &#8211; Compartir \u00e9sta canci\u00f3n (copia &amp; pega en redes): https:\/\/bit.ly\/CidesTodosEsosDias<\/p><p>\u266c 14:13 <span style=\"color: #000000; background-color: yellow;\">\u201cRONCOS SUSPIROS DEL VIENTO\u201d<\/span><br \/>Composed by Bruno Arias, lyric by Dora Gomez. Performed by Arias (voice), Cides (Chapman Stick), Alonso (drum), Micucci (piano).<br \/>Share this song (copy &amp; paste into social media) &#8211; Compartir \u00e9sta canci\u00f3n (copia &amp; pega en redes): https:\/\/bit.ly\/CidesRoncosSuspiros<\/p><p>\u266c 20:22 <span style=\"color: #000000; background-color: yellow;\">\u201dDANCE A LOT\u201d<\/span><br \/>Composed by Guillermo Cides. Performed by Cides (Chapman Stick &amp; loop), Alonso (drum), G\u00f3ngora (percussion).<br \/>Share this song (copy &amp; paste into social media) &#8211; Compartir \u00e9sta canci\u00f3n (copia &amp; pega en redes): https:\/\/bit.ly\/CidesDanceaLot<\/p><p>\u266c 23:46 <span style=\"color: #000000; background-color: yellow;\">\u201cPASSACAGLIA Y FUGA EN DO MENOR, BWV 582\u201d<\/span><br \/>Composed by J. S. Bach. Arranged by Guillermo Cides. Performed by Cides (Chapman Stick &amp; loop)<br \/>Share this song (copy &amp; paste into social media) &#8211; Compartir \u00e9sta canci\u00f3n (copia &amp; pega en redes): https:\/\/bit.ly\/CidesPassacaglia<\/p><p>\u266c 27:33<span style=\"color: #000000; background-color: yellow;\">\u201cZAMBA DE MI ESPERANZA\u201d<\/span><br \/>Composed by Luis Profili. Arranged by Lolo Micucci. Performed by Micucci (piano), Cides (Chapman Stick), Kreimer (sax).<br \/>Share this song (copy &amp; paste into social media) &#8211; Compartir \u00e9sta canci\u00f3n (copia &amp; pega en redes): https:\/\/bit.ly\/CidesZambademiEsperanza<\/p><p>\u266c 32:59 <span style=\"color: #000000; background-color: yellow;\">\u201cLOS EJES DE MI CARRETA\u201d<\/span><br \/>Composed by Atahualpa Yupanqui. Arranged by Guillermo Cides. Performed by Cides (Chapman Stick, ambient), Arias (voice), Micucci (piano), Kreimer (sax), Alonso (drum).<br \/>Share this song (copy &amp; paste into social media) &#8211; Compartir \u00e9sta canci\u00f3n (copia &amp; pega en redes): https:\/\/bit.ly\/CidesEjes<\/p><p>\u266c 38:43 <span style=\"color: #000000; background-color: yellow;\">\u201cEUROPA (EARTH&#8217;S CRY HEAVEN&#8217;S SMILE)\u201d<\/span><br \/>Composed by Carlos Santana and Tom Coster. Performed by Cides (Chapman Stick), Micucci (piano), Kreimer (sax), G\u00f3ngora (percussion), Alonso (drum).<br \/>Share this song (copy &amp; paste into social media) &#8211; Compartir \u00e9sta canci\u00f3n (copia &amp; pega en redes): https:\/\/bit.ly\/CidesEuropa<\/p><p>\u266c 43:22 <span style=\"color: #000000; background-color: yellow;\">\u201cCOME TOGETHER\u201d<\/span><br \/>Composed by Lennon\u2013McCartney. Arranged by Guillermo Cides. Performed by Cides (Chapman Stick, loop), Alonso (drum).<br \/>Share this song (copy &amp; paste into social media) &#8211; Compartir \u00e9sta canci\u00f3n (copia &amp; pega en redes): https:\/\/bit.ly\/CidesComeTogether<\/p><p>\u266c 48:31 <span style=\"color: #000000; background-color: yellow;\">\u201cLOS DIAS QUE VENDR\u00c1N\u201d<\/span><br \/>&#8220;The Days to Come&#8221;. Composed by Guillermo Cides. Performed by Cides (Chapman Stick, loop), Alonso (drum).<br \/>Share this song (copy &amp; paste into social media) &#8211; Compartir \u00e9sta canci\u00f3n (copia &amp; pega en redes): https:\/\/bit.ly\/CidesLosDias<\/p><p>52:36 CREDITS<\/p><p>\u266c 54:38 BONUS TRACK: <span style=\"color: #000000; background-color: yellow;\">\u201cSPAIN\u201d<\/span><br \/>Recorded live at La Plata city.<br \/>Composed by Chick Corea. Arranged by Guillermo Cides. Performed by Cides (Chapman Stick, loop), Alonso (drum), G\u00f3ngora (percussion), Pablo Rivas (percussion).<br \/>Share this song (copy &amp; paste into social media) &#8211; Compartir \u00e9sta canci\u00f3n (copia &amp; pega en redes): https:\/\/bit.ly\/CidesSpain<\/p><p>.<\/p>\t\t\t\t\t\t<\/div>\n\t\t\t\t<\/div>\n\t\t\t\t\t<\/div>\n\t\t\t\t<\/div>\n\t\t\t\t<\/div>\n\t\t","protected":false},"excerpt":{"rendered":"<p>TRACK LIST \u266c 0:00 \u201cEL MUNDO INTERIOR DE LOS PLANETAS\u201dComposed by Guillermo Cides. Performed by Cides (Chapman Stick, ambient), Men\u00e9ndez (Chapman Stick), Alonso (drum), G\u00f3ngora (percussion), Rivas (crash cymbals).Share this song (copy &amp; paste into social media) &#8211; Compartir \u00e9sta canci\u00f3n (copia &amp; pega en redes): https:\/\/bit.ly\/CidesMundo \u266c 5:33 \u201cLIBERTANGO\u201dComposed by Astor Piazzolla. Arranged by [&hellip;]<\/p>\n","protected":false},"author":1,"featured_media":0,"parent":0,"menu_order":0,"comment_status":"closed","ping_status":"closed","template":"","meta":{"om_disable_all_campaigns":false,"_monsterinsights_skip_tracking":false,"_monsterinsights_sitenote_active":false,"_monsterinsights_sitenote_note":"","_monsterinsights_sitenote_category":0,"footnotes":""},"class_list":["post-1154","page","type-page","status-publish","hentry"],"aioseo_notices":[],"_links":{"self":[{"href":"https:\/\/guillermocides.com\/releases\/wp-json\/wp\/v2\/pages\/1154","targetHints":{"allow":["GET"]}}],"collection":[{"href":"https:\/\/guillermocides.com\/releases\/wp-json\/wp\/v2\/pages"}],"about":[{"href":"https:\/\/guillermocides.com\/releases\/wp-json\/wp\/v2\/types\/page"}],"author":[{"embeddable":true,"href":"https:\/\/guillermocides.com\/releases\/wp-json\/wp\/v2\/users\/1"}],"replies":[{"embeddable":true,"href":"https:\/\/guillermocides.com\/releases\/wp-json\/wp\/v2\/comments?post=1154"}],"version-history":[{"count":20,"href":"https:\/\/guillermocides.com\/releases\/wp-json\/wp\/v2\/pages\/1154\/revisions"}],"predecessor-version":[{"id":3529,"href":"https:\/\/guillermocides.com\/releases\/wp-json\/wp\/v2\/pages\/1154\/revisions\/3529"}],"wp:attachment":[{"href":"https:\/\/guillermocides.com\/releases\/wp-json\/wp\/v2\/media?parent=1154"}],"curies":[{"name":"wp","href":"https:\/\/api.w.org\/{rel}","templated":true}]}}