{"id":754,"date":"2019-01-03T20:17:50","date_gmt":"2019-01-03T20:17:50","guid":{"rendered":"https:\/\/guillermocides.com\/?page_id=754"},"modified":"2019-01-16T09:42:20","modified_gmt":"2019-01-16T09:42:20","slug":"754-2","status":"publish","type":"page","link":"https:\/\/guillermocides.com\/en\/754-2\/","title":{"rendered":"Clinic de Stick en Barcelona"},"content":{"rendered":"<h2 style=\"text-align: center;\">Domingo 20 de Enero de 2019<br \/>\nMONTGAT \u00b7 BARCELONA \u00b7 12h<br \/>\nPOR GUILLERMO CIDES<\/h2>\n<blockquote>\n<p style=\"text-align: center;\">Evento privado limitado a 30 m\u00fasicos.<br \/>\nAp\u00fantate para poder reservar tu lugar.<\/p>\n<\/blockquote>\n<p>&nbsp;<\/p>\n<hr \/>\n<h2 style=\"text-align: center;\">QUEDAN 6 LUGARES.<\/h2>\n<hr \/>\n<p>&nbsp;<\/p>\n<p><strong>\u00daNICO EVENTO EN ESPA\u00d1A<br \/>\n<\/strong>Debido a las habituales consultas e inter\u00e9s de los m\u00fasicos, hemos decidido hacer reuniones privadas cada ciertos meses para que aquellos que quieran conocer, ver y tocar un Stick.<\/p>\n<p>Tambi\u00e9n podr\u00e1n escuchar las diferentes opciones de sonidos y algunas canciones tocadas por stickistas dentro de un ambiente de amigos y a la hora del vermut &#8211; que ofrecer\u00e1 el lugar a los asistentes.<\/p>\n<p>Los eventos son gratuitos y dirigido a los m\u00fasicos que realmente est\u00e9n interesados.<br \/>\nConsiderando que no existen tiendas de m\u00fasica que tengan Stick (es un instrumento de luther\u00eda) entendemos que es una oportunidad \u00fanica para tener contacto con este instrumento.<\/p>\n<p>Si quieres venir, puedes reservar tu lugar a traves de el siguiente formulario.<br \/>\nA cambio, un moderador aprobar\u00e1 tu participacion y te haremos saber la direcci\u00f3n para que puedas venir.<\/p>\n<p>&nbsp;<\/p>\n<p><strong>SUSCRIPCI\u00d3N AL EVENTO<\/strong><br \/>\n\n<div class=\"wpcf7 no-js\" id=\"wpcf7-f4-o1\" lang=\"es-ES\" dir=\"ltr\">\n<div class=\"screen-reader-response\"><p role=\"status\" aria-live=\"polite\" aria-atomic=\"true\"><\/p> <ul><\/ul><\/div>\n<form action=\"\/en\/wp-json\/wp\/v2\/pages\/754#wpcf7-f4-o1\" method=\"post\" class=\"wpcf7-form init\" aria-label=\"Formulario de contacto\" novalidate=\"novalidate\" data-status=\"init\">\n<div style=\"display: none;\">\n<input type=\"hidden\" name=\"_wpcf7\" value=\"4\" \/>\n<input type=\"hidden\" name=\"_wpcf7_version\" value=\"5.9.3\" \/>\n<input type=\"hidden\" name=\"_wpcf7_locale\" value=\"es_ES\" \/>\n<input type=\"hidden\" name=\"_wpcf7_unit_tag\" value=\"wpcf7-f4-o1\" \/>\n<input type=\"hidden\" name=\"_wpcf7_container_post\" value=\"0\" \/>\n<input type=\"hidden\" name=\"_wpcf7_posted_data_hash\" value=\"\" \/>\n<\/div>\n<p>Nombre completo(requerido)\n<\/p>\n<p><span class=\"wpcf7-form-control-wrap\" data-name=\"your-name\"><input size=\"40\" class=\"wpcf7-form-control wpcf7-text wpcf7-validates-as-required\" aria-required=\"true\" aria-invalid=\"false\" value=\"\" type=\"text\" name=\"your-name\" \/><\/span>\n<\/p>\n<p>E-mail (requerido)\n<\/p>\n<p><span class=\"wpcf7-form-control-wrap\" data-name=\"your-email\"><input size=\"40\" class=\"wpcf7-form-control wpcf7-email wpcf7-validates-as-required wpcf7-text wpcf7-validates-as-email\" aria-required=\"true\" aria-invalid=\"false\" value=\"\" type=\"email\" name=\"your-email\" \/><\/span>\n<\/p>\n<p>Tel\u00e9fono (requerido)\n<\/p>\n<p><span class=\"wpcf7-form-control-wrap\" data-name=\"tel-26\"><input size=\"40\" class=\"wpcf7-form-control wpcf7-tel wpcf7-validates-as-required wpcf7-text wpcf7-validates-as-tel\" aria-required=\"true\" aria-invalid=\"false\" value=\"\" type=\"tel\" name=\"tel-26\" \/><\/span>\n<\/p>\n<p>\u00bfEres m\u00fasico? (requerido)\n<\/p>\n<p><span class=\"wpcf7-form-control-wrap\" data-name=\"radio-914\"><span class=\"wpcf7-form-control wpcf7-radio\"><span class=\"wpcf7-list-item first\"><input type=\"radio\" name=\"radio-914\" value=\"SI\" \/><span class=\"wpcf7-list-item-label\">SI<\/span><\/span><span class=\"wpcf7-list-item last\"><input type=\"radio\" name=\"radio-914\" value=\"NO\" \/><span class=\"wpcf7-list-item-label\">NO<\/span><\/span><\/span><\/span>\n<\/p>\n<p>Comentario opcional\n<\/p>\n<p><span class=\"wpcf7-form-control-wrap\" data-name=\"your-message\"><textarea cols=\"40\" rows=\"10\" class=\"wpcf7-form-control wpcf7-textarea\" aria-invalid=\"false\" name=\"your-message\"><\/textarea><\/span>\n<\/p>\n<p><input class=\"wpcf7-form-control wpcf7-submit has-spinner\" type=\"submit\" value=\"Enviar\" \/>\n<\/p><div class=\"wpcf7-response-output\" aria-hidden=\"true\"><\/div>\n<\/form>\n<\/div>\n\n<hr \/>\n<p>&nbsp;<\/p>\n<p><strong>+ INFORMACI\u00d3N<\/strong><\/p>\n<p>Stick Center prepara una nueva serie de actividades relacionadas con Master Class e informaci\u00f3n para m\u00fasicos que deseen saber acerca del nuevo instrumento Stick, y su innovadora t\u00e9cnica a dos manos de estilo pian\u00edstico sobre 10 cuerdas de bajos y guitarra.<\/p>\n<p>Trabajamos en la difusi\u00f3n, ense\u00f1anza, conciertos, organizaci\u00f3n de los seminarios Stick Camp y en la edici\u00f3n de trabajos de artistas relacionados con el Chapman Stick. Dirigido por el m\u00fasico Guillermo Cides, el Stick ha comenzado a ser utilizado por m\u00fasicos espa\u00f1oles en diferentes formatos y bandas, tanto dentro del Jazz, como del Rock o en forma solista.<\/p>\n<p>El Stick fue inventado por el californiano <strong>Emmett Chapman<\/strong> quien ha revolucionado el mundo instrumental desarrollando un instrumento que combina el bajo, la guitarra, pero se toca en forma percusiva utilizando la l\u00f3gica pian\u00edstica. Cuatro grupos de instrumentos incluidos en uno.<\/p>\n<p>La reciente aparici\u00f3n de Stickistas espa\u00f1oles vio su manifestaci\u00f3n art\u00edstica en el <strong>Compilado de Stickistas<\/strong> editado por Stick Center, donde los nuevos m\u00fasicos ofrecen all\u00ed sus primeras obras con el Stick. <a href=\"http:\/\/stickistas.com\" target=\"_blank\">[Descargar Compilado]<\/a><\/p>\n<p>Las <strong>Master Class<\/strong> <strong>de Stick<\/strong> estan disponibles para escuelas de m\u00fasica en toda Espa\u00f1a que quieran ofrecer a sus alumnos una clinica-concierto con charla abierta a los m\u00fasicos para que conozcan no solo el Stick, sino ademas el uso de sonidos, loops y otros detalles t\u00e9cnicos asociados al Stick. Toda esta informaci\u00f3n entendemos que debiera ser de inter\u00e9s para que los m\u00fasicos puedan abrir sus ideas a <strong>t\u00e9cnicas diferentes<\/strong> y <strong>nuevos instrumentos<\/strong>. Es una experiencia enriquecedora poder ver a otros m\u00fasicos haciendo cosas diferentes.<\/p>\n<p>Para mas informaci\u00f3n, contactar a trav\u00e9s de los medios indicados al pie de p\u00e1gina.<br \/>\nGuillermo Cides<br \/>\nDirector de Stick Center<br \/>\nstickcenter@hotmail.com<\/p>\n<hr \/>\n<h3><\/h3>\n<h3>Nuestros sitios webs<\/h3>\n<p><strong>Circulo de Stickistas<\/strong><br \/>\n<a href=\"http:\/\/www.circulodestickistas.com\" target=\"_blank\">http:\/\/www.circulodestickistas.com<\/a><\/p>\n<p><strong>Stick Camp<\/strong><br \/>\n<a href=\"http:\/\/www.stickcamp.es\" target=\"_blank\">http:\/\/www.stickcamp.es<\/a><\/p>\n<p><strong> Compilado de Stickistas<\/strong><br \/>\n<a href=\"http:\/\/www.stickcistas.com\" target=\"_blank\">http:\/\/www.stickcistas.com<\/a><\/p>\n<p><strong>Stick Center<\/strong><br \/>\n<a href=\"http:\/\/www.stickcenter.com\" target=\"_blank\">http:\/\/www.stickcenter.com<\/a><\/p>\n<p>&nbsp;<\/p>\n<hr \/>\n<h3>Guillermo Cides &amp; Ensamble de Stickistas (video)<\/h3>\n<div id=\"fb-root\"><\/div>\n<p><script type=\"text\/javascript\">\/\/ <![CDATA[\n(function(d, s, id) { var js, fjs = d.getElementsByTagName(s)[0]; if (d.getElementById(id)) return; js = d.createElement(s); js.id = id; js.src = \"\/\/connect.facebook.net\/es_LA\/all.js#xfbml=1\"; fjs.parentNode.insertBefore(js, fjs); }(document, 'script', 'facebook-jssdk'));\n\/\/ ]]><\/script><\/p>\n<div class=\"fb-post\" style=\"text-align: center;\" data-href=\"https:\/\/www.facebook.com\/photo.php?v=10152479984387254\" data-width=\"800\">\n<div class=\"fb-xfbml-parse-ignore\" style=\"text-align: center;\"><a href=\"https:\/\/www.facebook.com\/photo.php?v=10152479984387254\">Publicaci\u00f3n<\/a> by <a href=\"https:\/\/www.facebook.com\/stickista\">Guillermo Cides<\/a>.<\/div>\n<\/div>\n<p>&nbsp;<\/p>\n<p>&nbsp;<\/p>\n<p>&nbsp;<\/p>\n","protected":false},"excerpt":{"rendered":"<p>Domingo 20 de Enero de 2019 MONTGAT \u00b7 BARCELONA \u00b7 12h POR GUILLERMO CIDES Evento privado limitado a 30 m\u00fasicos. Ap\u00fantate para poder reservar tu lugar. &nbsp; QUEDAN 6 LUGARES. &nbsp; \u00daNICO EVENTO EN ESPA\u00d1A Debido a las habituales consultas e inter\u00e9s de los m\u00fasicos, hemos decidido hacer reuniones privadas<\/p>\n<p><a rel=\"bookmark\" class=\"more-link\" href=\"https:\/\/guillermocides.com\/en\/754-2\/\">Read more &rarr;<\/a><\/p>\n","protected":false},"author":1,"featured_media":0,"parent":0,"menu_order":0,"comment_status":"closed","ping_status":"open","template":"","meta":{"footnotes":""},"yoast_head":"<!-- This site is optimized with the Yoast SEO plugin v22.5 - https:\/\/yoast.com\/wordpress\/plugins\/seo\/ -->\n<title>Clinic de Stick en Barcelona - \u272a Guillermo Cides | stickista pionero | Full discography available now. \u272a<\/title>\n<meta name=\"robots\" content=\"index, follow, max-snippet:-1, max-image-preview:large, max-video-preview:-1\" \/>\n<link rel=\"canonical\" href=\"https:\/\/guillermocides.com\/en\/754-2\/\" \/>\n<meta property=\"og:locale\" content=\"en_US\" \/>\n<meta property=\"og:type\" content=\"article\" \/>\n<meta property=\"og:title\" content=\"Clinic de Stick en Barcelona - \u272a Guillermo Cides | stickista pionero | Full discography available now. \u272a\" \/>\n<meta property=\"og:description\" content=\"Domingo 20 de Enero de 2019 MONTGAT \u00b7 BARCELONA \u00b7 12h POR GUILLERMO CIDES Evento privado limitado a 30 m\u00fasicos. Ap\u00fantate para poder reservar tu lugar. &nbsp; QUEDAN 6 LUGARES. &nbsp; \u00daNICO EVENTO EN ESPA\u00d1A Debido a las habituales consultas e inter\u00e9s de los m\u00fasicos, hemos decidido hacer reuniones privadasRead more &rarr;\" \/>\n<meta property=\"og:url\" content=\"https:\/\/guillermocides.com\/en\/754-2\/\" \/>\n<meta property=\"og:site_name\" content=\"\u272a Guillermo Cides | stickista pionero | Full discography available now. \u272a\" \/>\n<meta property=\"article:modified_time\" content=\"2019-01-16T09:42:20+00:00\" \/>\n<meta name=\"twitter:card\" content=\"summary_large_image\" \/>\n<meta name=\"twitter:label1\" content=\"Est. reading time\" \/>\n\t<meta name=\"twitter:data1\" content=\"3 minutes\" \/>\n<script type=\"application\/ld+json\" class=\"yoast-schema-graph\">{\"@context\":\"https:\/\/schema.org\",\"@graph\":[{\"@type\":\"WebPage\",\"@id\":\"https:\/\/guillermocides.com\/en\/754-2\/\",\"url\":\"https:\/\/guillermocides.com\/en\/754-2\/\",\"name\":\"Clinic de Stick en Barcelona - \u272a Guillermo Cides | stickista pionero | Full discography available now. \u272a\",\"isPartOf\":{\"@id\":\"https:\/\/guillermocides.com\/#website\"},\"datePublished\":\"2019-01-03T20:17:50+00:00\",\"dateModified\":\"2019-01-16T09:42:20+00:00\",\"breadcrumb\":{\"@id\":\"https:\/\/guillermocides.com\/en\/754-2\/#breadcrumb\"},\"inLanguage\":\"en-US\",\"potentialAction\":[{\"@type\":\"ReadAction\",\"target\":[\"https:\/\/guillermocides.com\/en\/754-2\/\"]}]},{\"@type\":\"BreadcrumbList\",\"@id\":\"https:\/\/guillermocides.com\/en\/754-2\/#breadcrumb\",\"itemListElement\":[{\"@type\":\"ListItem\",\"position\":1,\"name\":\"Portada\",\"item\":\"https:\/\/guillermocides.com\/en\/\"},{\"@type\":\"ListItem\",\"position\":2,\"name\":\"Clinic de Stick en Barcelona\"}]},{\"@type\":\"WebSite\",\"@id\":\"https:\/\/guillermocides.com\/#website\",\"url\":\"https:\/\/guillermocides.com\/\",\"name\":\"\u272a Guillermo Cides | stickista pionero | Full discography available now. \u272a\",\"description\":\"\u272a Official website &amp; full discography \u272a\",\"publisher\":{\"@id\":\"https:\/\/guillermocides.com\/#\/schema\/person\/de019d75ecc4afde58cddb45d2879ef2\"},\"potentialAction\":[{\"@type\":\"SearchAction\",\"target\":{\"@type\":\"EntryPoint\",\"urlTemplate\":\"https:\/\/guillermocides.com\/?s={search_term_string}\"},\"query-input\":\"required name=search_term_string\"}],\"inLanguage\":\"en-US\"},{\"@type\":[\"Person\",\"Organization\"],\"@id\":\"https:\/\/guillermocides.com\/#\/schema\/person\/de019d75ecc4afde58cddb45d2879ef2\",\"name\":\"guillestick\",\"image\":{\"@type\":\"ImageObject\",\"inLanguage\":\"en-US\",\"@id\":\"https:\/\/guillermocides.com\/#\/schema\/person\/image\/\",\"url\":\"https:\/\/secure.gravatar.com\/avatar\/a592115a1c4c174fccae8cbc38059694?s=96&d=mm&r=g\",\"contentUrl\":\"https:\/\/secure.gravatar.com\/avatar\/a592115a1c4c174fccae8cbc38059694?s=96&d=mm&r=g\",\"caption\":\"guillestick\"},\"logo\":{\"@id\":\"https:\/\/guillermocides.com\/#\/schema\/person\/image\/\"}}]}<\/script>\n<!-- \/ Yoast SEO plugin. -->","yoast_head_json":{"title":"Clinic de Stick en Barcelona - \u272a Guillermo Cides | stickista pionero | Full discography available now. \u272a","robots":{"index":"index","follow":"follow","max-snippet":"max-snippet:-1","max-image-preview":"max-image-preview:large","max-video-preview":"max-video-preview:-1"},"canonical":"https:\/\/guillermocides.com\/en\/754-2\/","og_locale":"en_US","og_type":"article","og_title":"Clinic de Stick en Barcelona - \u272a Guillermo Cides | stickista pionero | Full discography available now. \u272a","og_description":"Domingo 20 de Enero de 2019 MONTGAT \u00b7 BARCELONA \u00b7 12h POR GUILLERMO CIDES Evento privado limitado a 30 m\u00fasicos. Ap\u00fantate para poder reservar tu lugar. &nbsp; QUEDAN 6 LUGARES. &nbsp; \u00daNICO EVENTO EN ESPA\u00d1A Debido a las habituales consultas e inter\u00e9s de los m\u00fasicos, hemos decidido hacer reuniones privadasRead more &rarr;","og_url":"https:\/\/guillermocides.com\/en\/754-2\/","og_site_name":"\u272a Guillermo Cides | stickista pionero | Full discography available now. \u272a","article_modified_time":"2019-01-16T09:42:20+00:00","twitter_card":"summary_large_image","twitter_misc":{"Est. reading time":"3 minutes"},"schema":{"@context":"https:\/\/schema.org","@graph":[{"@type":"WebPage","@id":"https:\/\/guillermocides.com\/en\/754-2\/","url":"https:\/\/guillermocides.com\/en\/754-2\/","name":"Clinic de Stick en Barcelona - \u272a Guillermo Cides | stickista pionero | Full discography available now. \u272a","isPartOf":{"@id":"https:\/\/guillermocides.com\/#website"},"datePublished":"2019-01-03T20:17:50+00:00","dateModified":"2019-01-16T09:42:20+00:00","breadcrumb":{"@id":"https:\/\/guillermocides.com\/en\/754-2\/#breadcrumb"},"inLanguage":"en-US","potentialAction":[{"@type":"ReadAction","target":["https:\/\/guillermocides.com\/en\/754-2\/"]}]},{"@type":"BreadcrumbList","@id":"https:\/\/guillermocides.com\/en\/754-2\/#breadcrumb","itemListElement":[{"@type":"ListItem","position":1,"name":"Portada","item":"https:\/\/guillermocides.com\/en\/"},{"@type":"ListItem","position":2,"name":"Clinic de Stick en Barcelona"}]},{"@type":"WebSite","@id":"https:\/\/guillermocides.com\/#website","url":"https:\/\/guillermocides.com\/","name":"\u272a Guillermo Cides | stickista pionero | Full discography available now. \u272a","description":"\u272a Official website &amp; full discography \u272a","publisher":{"@id":"https:\/\/guillermocides.com\/#\/schema\/person\/de019d75ecc4afde58cddb45d2879ef2"},"potentialAction":[{"@type":"SearchAction","target":{"@type":"EntryPoint","urlTemplate":"https:\/\/guillermocides.com\/?s={search_term_string}"},"query-input":"required name=search_term_string"}],"inLanguage":"en-US"},{"@type":["Person","Organization"],"@id":"https:\/\/guillermocides.com\/#\/schema\/person\/de019d75ecc4afde58cddb45d2879ef2","name":"guillestick","image":{"@type":"ImageObject","inLanguage":"en-US","@id":"https:\/\/guillermocides.com\/#\/schema\/person\/image\/","url":"https:\/\/secure.gravatar.com\/avatar\/a592115a1c4c174fccae8cbc38059694?s=96&d=mm&r=g","contentUrl":"https:\/\/secure.gravatar.com\/avatar\/a592115a1c4c174fccae8cbc38059694?s=96&d=mm&r=g","caption":"guillestick"},"logo":{"@id":"https:\/\/guillermocides.com\/#\/schema\/person\/image\/"}}]}},"_links":{"self":[{"href":"https:\/\/guillermocides.com\/en\/wp-json\/wp\/v2\/pages\/754"}],"collection":[{"href":"https:\/\/guillermocides.com\/en\/wp-json\/wp\/v2\/pages"}],"about":[{"href":"https:\/\/guillermocides.com\/en\/wp-json\/wp\/v2\/types\/page"}],"author":[{"embeddable":true,"href":"https:\/\/guillermocides.com\/en\/wp-json\/wp\/v2\/users\/1"}],"replies":[{"embeddable":true,"href":"https:\/\/guillermocides.com\/en\/wp-json\/wp\/v2\/comments?post=754"}],"version-history":[{"count":9,"href":"https:\/\/guillermocides.com\/en\/wp-json\/wp\/v2\/pages\/754\/revisions"}],"predecessor-version":[{"id":776,"href":"https:\/\/guillermocides.com\/en\/wp-json\/wp\/v2\/pages\/754\/revisions\/776"}],"wp:attachment":[{"href":"https:\/\/guillermocides.com\/en\/wp-json\/wp\/v2\/media?parent=754"}],"curies":[{"name":"wp","href":"https:\/\/api.w.org\/{rel}","templated":true}]}}